{"id":2,"date":"2020-02-20T21:32:03","date_gmt":"2020-02-20T21:32:03","guid":{"rendered":"https:\/\/djtoby.de\/?page_id=2"},"modified":"2024-04-09T11:39:33","modified_gmt":"2024-04-09T11:39:33","slug":"sample-page","status":"publish","type":"page","link":"https:\/\/djtoby.de\/?page_id=2","title":{"rendered":"Sample Page"},"content":{"rendered":"\t\t<div data-elementor-type=\"wp-page\" data-elementor-id=\"2\" class=\"elementor elementor-2\">\n\t\t\t\t<div class=\"elementor-element elementor-element-7b43dbb6 e-flex e-con-boxed e-con e-parent\" data-id=\"7b43dbb6\" data-element_type=\"container\" data-e-type=\"container\">\n\t\t\t\t\t<div class=\"e-con-inner\">\n\t\t\t\t<div class=\"elementor-element elementor-element-57de5228 elementor-widget elementor-widget-text-editor\" data-id=\"57de5228\" data-element_type=\"widget\" data-e-type=\"widget\" data-widget_type=\"text-editor.default\">\n\t\t\t\t<div class=\"elementor-widget-container\">\n\t\t\t\t\t\t\t\t\t<p><strong>Willkommen zu den energiegeladenen Kl\u00e4ngen von DJ Toby! Mit seiner Leidenschaft f\u00fcr Musik und seinem Talent, die Menge zum Tanzen zu bringen, ist DJ Toby die perfekte Wahl f\u00fcr Ihr n\u00e4chstes Event. Ob Hochzeiten, Clubn\u00e4chte oder private Feiern, DJ Toby liefert eine erstklassige musikalische Erfahrung, die Ihre G\u00e4ste begeistern wird.<\/strong><\/p>\n<p><strong>Mit einem breiten Repertoire an Musikgenres und eigenen Produktionen kann DJ Toby die Stimmung perfekt anpassen und eine unvergessliche Atmosph\u00e4re schaffen. Sein Engagement f\u00fcr h\u00f6chste Qualit\u00e4t und sein Gesp\u00fcr f\u00fcr das Lebensgef\u00fchl machen ihn zu einem Favoriten unter Veranstaltern und Partyg\u00e4ngern gleicherma\u00dfen.<\/strong><\/p>\n<p><strong>Buchen Sie jetzt DJ Toby und erleben Sie, wie er Ihr Event mit seinen mitrei\u00dfenden Beats zum Leben erweckt!<\/strong><\/p>\n<p>\u00a0<\/p>\n<p><strong>Mehr als 20 Jahre Erfahrung sprechen f\u00fcr sich<\/strong><\/p>\t\t\t\t\t\t\t\t<\/div>\n\t\t\t\t<\/div>\n\t\t\t\t\t<\/div>\n\t\t\t\t<\/div>\n\t\t<div class=\"elementor-element elementor-element-4c89e6f e-flex e-con-boxed e-con e-parent\" data-id=\"4c89e6f\" data-element_type=\"container\" data-e-type=\"container\">\n\t\t\t\t\t<div class=\"e-con-inner\">\n\t\t\t\t<div class=\"elementor-element elementor-element-6a981cd elementor-widget elementor-widget-image\" data-id=\"6a981cd\" data-element_type=\"widget\" data-e-type=\"widget\" data-widget_type=\"image.default\">\n\t\t\t\t<div class=\"elementor-widget-container\">\n\t\t\t\t\t\t\t\t\t\t\t\t\t\t\t<img fetchpriority=\"high\" decoding=\"async\" width=\"534\" height=\"800\" src=\"https:\/\/djtoby.de\/wp-content\/uploads\/2020\/02\/tobi2020.jpg\" class=\"attachment-large size-large wp-image-714\" alt=\"\" srcset=\"https:\/\/djtoby.de\/wp-content\/uploads\/2020\/02\/tobi2020.jpg 534w, https:\/\/djtoby.de\/wp-content\/uploads\/2020\/02\/tobi2020-200x300.jpg 200w\" sizes=\"(max-width: 534px) 100vw, 534px\" \/>\t\t\t\t\t\t\t\t\t\t\t\t\t\t\t<\/div>\n\t\t\t\t<\/div>\n\t\t\t\t\t<\/div>\n\t\t\t\t<\/div>\n\t\t\t\t<\/div>\n\t\t","protected":false},"excerpt":{"rendered":"<p>Willkommen zu den energiegeladenen Kl\u00e4ngen von DJ Toby! Mit seiner Leidenschaft f\u00fcr Musik und seinem Talent, die Menge zum Tanzen [&hellip;]<\/p>\n","protected":false},"author":1,"featured_media":0,"parent":0,"menu_order":0,"comment_status":"closed","ping_status":"closed","template":"","meta":{"site-sidebar-layout":"default","site-content-layout":"","ast-site-content-layout":"default","site-content-style":"default","site-sidebar-style":"default","ast-global-header-display":"","ast-banner-title-visibility":"","ast-main-header-display":"","ast-hfb-above-header-display":"","ast-hfb-below-header-display":"","ast-hfb-mobile-header-display":"","site-post-title":"","ast-breadcrumbs-content":"","ast-featured-img":"","footer-sml-layout":"","ast-disable-related-posts":"","theme-transparent-header-meta":"","adv-header-id-meta":"","stick-header-meta":"","header-above-stick-meta":"","header-main-stick-meta":"","header-below-stick-meta":"","astra-migrate-meta-layouts":"default","ast-page-background-enabled":"default","ast-page-background-meta":{"desktop":{"background-color":"var(--ast-global-color-4)","background-image":"","background-repeat":"repeat","background-position":"center center","background-size":"auto","background-attachment":"scroll","background-type":"","background-media":"","overlay-type":"","overlay-color":"","overlay-opacity":"","overlay-gradient":""},"tablet":{"background-color":"","background-image":"","background-repeat":"repeat","background-position":"center center","background-size":"auto","background-attachment":"scroll","background-type":"","background-media":"","overlay-type":"","overlay-color":"","overlay-opacity":"","overlay-gradient":""},"mobile":{"background-color":"","background-image":"","background-repeat":"repeat","background-position":"center center","background-size":"auto","background-attachment":"scroll","background-type":"","background-media":"","overlay-type":"","overlay-color":"","overlay-opacity":"","overlay-gradient":""}},"ast-content-background-meta":{"desktop":{"background-color":"var(--ast-global-color-5)","background-image":"","background-repeat":"repeat","background-position":"center center","background-size":"auto","background-attachment":"scroll","background-type":"","background-media":"","overlay-type":"","overlay-color":"","overlay-opacity":"","overlay-gradient":""},"tablet":{"background-color":"var(--ast-global-color-5)","background-image":"","background-repeat":"repeat","background-position":"center center","background-size":"auto","background-attachment":"scroll","background-type":"","background-media":"","overlay-type":"","overlay-color":"","overlay-opacity":"","overlay-gradient":""},"mobile":{"background-color":"var(--ast-global-color-5)","background-image":"","background-repeat":"repeat","background-position":"center center","background-size":"auto","background-attachment":"scroll","background-type":"","background-media":"","overlay-type":"","overlay-color":"","overlay-opacity":"","overlay-gradient":""}},"footnotes":""},"class_list":["post-2","page","type-page","status-publish","hentry"],"_links":{"self":[{"href":"https:\/\/djtoby.de\/index.php?rest_route=\/wp\/v2\/pages\/2","targetHints":{"allow":["GET"]}}],"collection":[{"href":"https:\/\/djtoby.de\/index.php?rest_route=\/wp\/v2\/pages"}],"about":[{"href":"https:\/\/djtoby.de\/index.php?rest_route=\/wp\/v2\/types\/page"}],"author":[{"embeddable":true,"href":"https:\/\/djtoby.de\/index.php?rest_route=\/wp\/v2\/users\/1"}],"replies":[{"embeddable":true,"href":"https:\/\/djtoby.de\/index.php?rest_route=%2Fwp%2Fv2%2Fcomments&post=2"}],"version-history":[{"count":6,"href":"https:\/\/djtoby.de\/index.php?rest_route=\/wp\/v2\/pages\/2\/revisions"}],"predecessor-version":[{"id":784,"href":"https:\/\/djtoby.de\/index.php?rest_route=\/wp\/v2\/pages\/2\/revisions\/784"}],"wp:attachment":[{"href":"https:\/\/djtoby.de\/index.php?rest_route=%2Fwp%2Fv2%2Fmedia&parent=2"}],"curies":[{"name":"wp","href":"https:\/\/api.w.org\/{rel}","templated":true}]}}